{"id":450,"date":"2023-04-29T12:53:05","date_gmt":"2023-04-29T12:53:05","guid":{"rendered":"https:\/\/welcapp.co.uk\/in\/?page_id=450"},"modified":"2023-04-29T12:54:19","modified_gmt":"2023-04-29T12:54:19","slug":"blog","status":"publish","type":"page","link":"https:\/\/welcapp.co.uk\/in\/blog\/","title":{"rendered":"Blog"},"content":{"rendered":"\t\t<div data-elementor-type=\"wp-page\" data-elementor-id=\"450\" class=\"elementor elementor-450\" data-elementor-post-type=\"page\">\n\t\t\t\t\t\t<section class=\"elementor-section elementor-top-section elementor-element elementor-element-8554bb8 elementor-section-boxed elementor-section-height-default elementor-section-height-default\" data-id=\"8554bb8\" data-element_type=\"section\" data-e-type=\"section\">\n\t\t\t\t\t\t<div class=\"elementor-container elementor-column-gap-default\">\n\t\t\t\t\t<div class=\"elementor-column elementor-col-100 elementor-top-column elementor-element elementor-element-26d94fc\" data-id=\"26d94fc\" data-element_type=\"column\" data-e-type=\"column\">\n\t\t\t<div class=\"elementor-widget-wrap elementor-element-populated\">\n\t\t\t\t\t\t<div class=\"elementor-element elementor-element-b8790df elementor-grid-3 elementor-grid-tablet-2 elementor-grid-mobile-1 elementor-posts--thumbnail-top elementor-widget elementor-widget-posts\" data-id=\"b8790df\" data-element_type=\"widget\" data-e-type=\"widget\" data-settings=\"{&quot;classic_columns&quot;:&quot;3&quot;,&quot;classic_columns_tablet&quot;:&quot;2&quot;,&quot;classic_columns_mobile&quot;:&quot;1&quot;,&quot;classic_row_gap&quot;:{&quot;unit&quot;:&quot;px&quot;,&quot;size&quot;:35,&quot;sizes&quot;:[]},&quot;classic_row_gap_tablet&quot;:{&quot;unit&quot;:&quot;px&quot;,&quot;size&quot;:&quot;&quot;,&quot;sizes&quot;:[]},&quot;classic_row_gap_mobile&quot;:{&quot;unit&quot;:&quot;px&quot;,&quot;size&quot;:&quot;&quot;,&quot;sizes&quot;:[]}}\" data-widget_type=\"posts.classic\">\n\t\t\t\t<div class=\"elementor-widget-container\">\n\t\t\t\t\t\t\t<div class=\"elementor-posts-container elementor-posts elementor-posts--skin-classic elementor-grid\">\n\t\t\t\t<article class=\"elementor-post elementor-grid-item post-22116 post type-post status-publish format-standard hentry category-uncategorized\">\n\t\t\t\t<div class=\"elementor-post__text\">\n\t\t\t\t<h3 class=\"elementor-post__title\">\n\t\t\t<a href=\"https:\/\/welcapp.co.uk\/in\/casibom-casino-giris-sayfasi-2025\/\" >\n\t\t\t\tCasibom Casino : giri\u015f sayfas\u0131 2025\t\t\t<\/a>\n\t\t<\/h3>\n\t\t\t\t<div class=\"elementor-post__meta-data\">\n\t\t\t\t\t<span class=\"elementor-post-date\">\n\t\t\tDecember 17, 2025\t\t<\/span>\n\t\t\t\t<span class=\"elementor-post-avatar\">\n\t\t\tNo Comments\t\t<\/span>\n\t\t\t\t<\/div>\n\t\t\t\t<div class=\"elementor-post__excerpt\">\n\t\t\t<p>Casibom &#8211; casibom casino resmi g\u00fcncel giri\u015f \u25b6\ufe0f OYNAMAK \u0421\u043e\u0434\u0435\u0440\u0436\u0438\u043c\u043e\u0435 Casibom Kasino Hakk\u0131nda Temel Bilgiler Casibom Kasino&#8217;da Oynanabilecek En Pop\u00fcler Oyunlar Casibom, en g\u00fcvenli ve<\/p>\n\t\t<\/div>\n\t\t\n\t\t<a class=\"elementor-post__read-more\" href=\"https:\/\/welcapp.co.uk\/in\/casibom-casino-giris-sayfasi-2025\/\" aria-label=\"Read more about Casibom Casino : giri\u015f sayfas\u0131 2025\" tabindex=\"-1\" >\n\t\t\tRead More \u00bb\t\t<\/a>\n\n\t\t\t\t<\/div>\n\t\t\t\t<\/article>\n\t\t\t\t<article class=\"elementor-post elementor-grid-item post-22132 post type-post status-publish format-standard hentry category-a16z-generative-ai-2\">\n\t\t\t\t<div class=\"elementor-post__text\">\n\t\t\t\t<h3 class=\"elementor-post__title\">\n\t\t\t<a href=\"https:\/\/welcapp.co.uk\/in\/a16z-generative-ai\/\" >\n\t\t\t\ta16z generative ai\t\t\t<\/a>\n\t\t<\/h3>\n\t\t\t\t<div class=\"elementor-post__meta-data\">\n\t\t\t\t\t<span class=\"elementor-post-date\">\n\t\t\tDecember 12, 2025\t\t<\/span>\n\t\t\t\t<span class=\"elementor-post-avatar\">\n\t\t\tNo Comments\t\t<\/span>\n\t\t\t\t<\/div>\n\t\t\t\t<div class=\"elementor-post__excerpt\">\n\t\t\t<p>Hippocratic AI raises $141M to staff hospitals with clinical AI agents Story Partners with Stability AI to Empower Open-Source Innovation for Creators and Developers Meanwhile,<\/p>\n\t\t<\/div>\n\t\t\n\t\t<a class=\"elementor-post__read-more\" href=\"https:\/\/welcapp.co.uk\/in\/a16z-generative-ai\/\" aria-label=\"Read more about a16z generative ai\" tabindex=\"-1\" >\n\t\t\tRead More \u00bb\t\t<\/a>\n\n\t\t\t\t<\/div>\n\t\t\t\t<\/article>\n\t\t\t\t<article class=\"elementor-post elementor-grid-item post-22221 post type-post status-publish format-standard hentry category-games\">\n\t\t\t\t<div class=\"elementor-post__text\">\n\t\t\t\t<h3 class=\"elementor-post__title\">\n\t\t\t<a href=\"https:\/\/welcapp.co.uk\/in\/recently-launched-betting-sites-uk-and-their-53\/\" >\n\t\t\t\tRecently Launched Betting Sites UK and Their Strategy to Mobile Wagering Demand\t\t\t<\/a>\n\t\t<\/h3>\n\t\t\t\t<div class=\"elementor-post__meta-data\">\n\t\t\t\t\t<span class=\"elementor-post-date\">\n\t\t\tDecember 11, 2025\t\t<\/span>\n\t\t\t\t<span class=\"elementor-post-avatar\">\n\t\t\tNo Comments\t\t<\/span>\n\t\t\t\t<\/div>\n\t\t\t\t<div class=\"elementor-post__excerpt\">\n\t\t\t<p>The UK&#8217;s betting landscape is experiencing a cell revolution, with punters more and more demanding seamless smartphone experiences over desktop options. Fresh betting platforms are<\/p>\n\t\t<\/div>\n\t\t\n\t\t<a class=\"elementor-post__read-more\" href=\"https:\/\/welcapp.co.uk\/in\/recently-launched-betting-sites-uk-and-their-53\/\" aria-label=\"Read more about Recently Launched Betting Sites UK and Their Strategy to Mobile Wagering Demand\" tabindex=\"-1\" >\n\t\t\tRead More \u00bb\t\t<\/a>\n\n\t\t\t\t<\/div>\n\t\t\t\t<\/article>\n\t\t\t\t<article class=\"elementor-post elementor-grid-item post-22081 post type-post status-publish format-standard hentry category-android-the-world-most-popular-mobile-operating-2\">\n\t\t\t\t<div class=\"elementor-post__text\">\n\t\t\t\t<h3 class=\"elementor-post__title\">\n\t\t\t<a href=\"https:\/\/welcapp.co.uk\/in\/android-the-world-most-popular-mobile-operating-2\/\" >\n\t\t\t\tAndroid The World Most Popular Mobile Operating System\t\t\t<\/a>\n\t\t<\/h3>\n\t\t\t\t<div class=\"elementor-post__meta-data\">\n\t\t\t\t\t<span class=\"elementor-post-date\">\n\t\t\tDecember 11, 2025\t\t<\/span>\n\t\t\t\t<span class=\"elementor-post-avatar\">\n\t\t\tNo Comments\t\t<\/span>\n\t\t\t\t<\/div>\n\t\t\t\t<div class=\"elementor-post__excerpt\">\n\t\t\t<p>Android: The World&rsquo;s Most Popular Mobile Operating System Android is an open-source mobile operating system developed by Google. Since its official launch in 2008, Android<\/p>\n\t\t<\/div>\n\t\t\n\t\t<a class=\"elementor-post__read-more\" href=\"https:\/\/welcapp.co.uk\/in\/android-the-world-most-popular-mobile-operating-2\/\" aria-label=\"Read more about Android The World Most Popular Mobile Operating System\" tabindex=\"-1\" >\n\t\t\tRead More \u00bb\t\t<\/a>\n\n\t\t\t\t<\/div>\n\t\t\t\t<\/article>\n\t\t\t\t<article class=\"elementor-post elementor-grid-item post-22079 post type-post status-publish format-standard hentry category-android-the-world-most-popular-mobile-operating-2\">\n\t\t\t\t<div class=\"elementor-post__text\">\n\t\t\t\t<h3 class=\"elementor-post__title\">\n\t\t\t<a href=\"https:\/\/welcapp.co.uk\/in\/android-the-world-most-popular-mobile-operating\/\" >\n\t\t\t\tAndroid The World Most Popular Mobile Operating System\t\t\t<\/a>\n\t\t<\/h3>\n\t\t\t\t<div class=\"elementor-post__meta-data\">\n\t\t\t\t\t<span class=\"elementor-post-date\">\n\t\t\tDecember 11, 2025\t\t<\/span>\n\t\t\t\t<span class=\"elementor-post-avatar\">\n\t\t\tNo Comments\t\t<\/span>\n\t\t\t\t<\/div>\n\t\t\t\t<div class=\"elementor-post__excerpt\">\n\t\t\t<p>Android: The World&rsquo;s Most Popular Mobile Operating System Android is an open-source mobile operating system developed by Google. Since its official launch in 2008, Android<\/p>\n\t\t<\/div>\n\t\t\n\t\t<a class=\"elementor-post__read-more\" href=\"https:\/\/welcapp.co.uk\/in\/android-the-world-most-popular-mobile-operating\/\" aria-label=\"Read more about Android The World Most Popular Mobile Operating System\" tabindex=\"-1\" >\n\t\t\tRead More \u00bb\t\t<\/a>\n\n\t\t\t\t<\/div>\n\t\t\t\t<\/article>\n\t\t\t\t<article class=\"elementor-post elementor-grid-item post-22226 post type-post status-publish format-standard hentry category-games\">\n\t\t\t\t<div class=\"elementor-post__text\">\n\t\t\t\t<h3 class=\"elementor-post__title\">\n\t\t\t<a href=\"https:\/\/welcapp.co.uk\/in\/recently-launched-betting-sites-uk-and-their-46\/\" >\n\t\t\t\tRecently Launched Betting Sites UK and Their Strategy to Mobile Wagering Demand\t\t\t<\/a>\n\t\t<\/h3>\n\t\t\t\t<div class=\"elementor-post__meta-data\">\n\t\t\t\t\t<span class=\"elementor-post-date\">\n\t\t\tDecember 11, 2025\t\t<\/span>\n\t\t\t\t<span class=\"elementor-post-avatar\">\n\t\t\tNo Comments\t\t<\/span>\n\t\t\t\t<\/div>\n\t\t\t\t<div class=\"elementor-post__excerpt\">\n\t\t\t<p>The UK&#8217;s betting landscape is experiencing a mobile revolution, with punters increasingly demanding seamless smartphone experiences over desktop alternatives. Recent betting platforms are launching with<\/p>\n\t\t<\/div>\n\t\t\n\t\t<a class=\"elementor-post__read-more\" href=\"https:\/\/welcapp.co.uk\/in\/recently-launched-betting-sites-uk-and-their-46\/\" aria-label=\"Read more about Recently Launched Betting Sites UK and Their Strategy to Mobile Wagering Demand\" tabindex=\"-1\" >\n\t\t\tRead More \u00bb\t\t<\/a>\n\n\t\t\t\t<\/div>\n\t\t\t\t<\/article>\n\t\t\t\t<\/div>\n\t\t\n\t\t\t\t\t\t<\/div>\n\t\t\t\t<\/div>\n\t\t\t\t\t<\/div>\n\t\t<\/div>\n\t\t\t\t\t<\/div>\n\t\t<\/section>\n\t\t\t\t<\/div>\n\t\t","protected":false},"excerpt":{"rendered":"","protected":false},"author":2,"featured_media":0,"parent":0,"menu_order":0,"comment_status":"closed","ping_status":"open","template":"","meta":{"footnotes":""},"class_list":["post-450","page","type-page","status-publish","hentry"],"_links":{"self":[{"href":"https:\/\/welcapp.co.uk\/in\/wp-json\/wp\/v2\/pages\/450","targetHints":{"allow":["GET"]}}],"collection":[{"href":"https:\/\/welcapp.co.uk\/in\/wp-json\/wp\/v2\/pages"}],"about":[{"href":"https:\/\/welcapp.co.uk\/in\/wp-json\/wp\/v2\/types\/page"}],"author":[{"embeddable":true,"href":"https:\/\/welcapp.co.uk\/in\/wp-json\/wp\/v2\/users\/2"}],"replies":[{"embeddable":true,"href":"https:\/\/welcapp.co.uk\/in\/wp-json\/wp\/v2\/comments?post=450"}],"version-history":[{"count":4,"href":"https:\/\/welcapp.co.uk\/in\/wp-json\/wp\/v2\/pages\/450\/revisions"}],"predecessor-version":[{"id":457,"href":"https:\/\/welcapp.co.uk\/in\/wp-json\/wp\/v2\/pages\/450\/revisions\/457"}],"wp:attachment":[{"href":"https:\/\/welcapp.co.uk\/in\/wp-json\/wp\/v2\/media?parent=450"}],"curies":[{"name":"wp","href":"https:\/\/api.w.org\/{rel}","templated":true}]}}